{"id":128,"date":"2021-11-21T12:00:24","date_gmt":"2021-11-21T10:00:24","guid":{"rendered":"https:\/\/teachingisfun.net\/?page_id=128"},"modified":"2023-09-03T12:32:05","modified_gmt":"2023-09-03T09:32:05","slug":"kontakt-2","status":"publish","type":"page","link":"https:\/\/teachingisfun.net\/de\/kontakt-2\/","title":{"rendered":"Kontakt"},"content":{"rendered":"<div style=\"height:64px\" aria-hidden=\"true\" class=\"wp-block-spacer\"><\/div>\n\n\n\n<div class=\"wp-block-jetpack-layout-grid alignfull column1-desktop-grid__span-6 column1-desktop-grid__row-1 column2-desktop-grid__span-4 column2-desktop-grid__start-8 column2-desktop-grid__row-1 column1-tablet-grid__span-4 column1-tablet-grid__row-1 column2-tablet-grid__span-4 column2-tablet-grid__start-5 column2-tablet-grid__row-1 column1-mobile-grid__span-4 column1-mobile-grid__row-1 column2-mobile-grid__span-4 column2-mobile-grid__row-2\">\n<div class=\"wp-block-jetpack-layout-grid-column wp-block-jetpack-layout-grid__padding-none\">\n<figure class=\"wp-block-image size-large is-resized\"><img data-recalc-dims=\"1\" loading=\"lazy\" decoding=\"async\" width=\"1080\" height=\"1080\" data-attachment-id=\"1240\" data-permalink=\"https:\/\/teachingisfun.net\/de\/contact\/home-page-1\/\" data-orig-file=\"https:\/\/i0.wp.com\/teachingisfun.net\/wp-content\/uploads\/2022\/08\/home-page-1.jpg?fit=1080%2C1080&amp;ssl=1\" data-orig-size=\"1080,1080\" data-comments-opened=\"1\" data-image-meta=\"{&quot;aperture&quot;:&quot;0&quot;,&quot;credit&quot;:&quot;&quot;,&quot;camera&quot;:&quot;&quot;,&quot;caption&quot;:&quot;&quot;,&quot;created_timestamp&quot;:&quot;0&quot;,&quot;copyright&quot;:&quot;&quot;,&quot;focal_length&quot;:&quot;0&quot;,&quot;iso&quot;:&quot;0&quot;,&quot;shutter_speed&quot;:&quot;0&quot;,&quot;title&quot;:&quot;&quot;,&quot;orientation&quot;:&quot;0&quot;}\" data-image-title=\"home-page-1\" data-image-description=\"\" data-image-caption=\"\" data-large-file=\"https:\/\/i0.wp.com\/teachingisfun.net\/wp-content\/uploads\/2022\/08\/home-page-1.jpg?fit=1024%2C1024&amp;ssl=1\" src=\"https:\/\/i0.wp.com\/teachingisfun.net\/wp-content\/uploads\/2022\/08\/home-page-1.jpg?resize=1080%2C1080&#038;ssl=1\" alt=\"\" class=\"wp-image-1240\" style=\"width:551px;height:551px\"\/><\/figure>\n<\/div>\n\n\n\n<div class=\"wp-block-jetpack-layout-grid-column wp-block-jetpack-layout-grid__padding-none is-vertically-aligned-center\">\n<h2 class=\"wp-block-heading has-text-align-left\" id=\"let-s-get-in-touch-1\" style=\"font-size:37px\">Lassen Sie uns reden<\/h2>\n\n\n\n<p class=\"has-background-background-color has-text-color has-background\" style=\"color:#13020b;font-size:21px\">Wenn Sie ein kostenloses 20-min\u00fctiges Gespr\u00e4ch mit mir w\u00fcnschen, sofort mein Kunde werden m\u00f6chten oder vielleicht Ideen f\u00fcr eine Zusammenarbeit haben, lassen Sie uns reden!<\/p>\n\n\n\n<p class=\"has-background-background-color has-text-color has-background\" style=\"color:#13020b;font-size:21px\">Ich werde Ihre Nachricht so schnell wie m\u00f6glich beantworten. <\/p>\n\n\n\n<p class=\"has-text-align-left has-background-background-color has-text-color has-background\" style=\"color:#13020b;font-size:21px\">Sie k\u00f6nnen mich jederzeit \u00fcber meine E-Mail-Adresse, meine Social-Media-Konten oder das untenstehende Kontaktformular erreichen.<\/p>\n<\/div>\n<\/div>\n\n\n\n<div class=\"wp-block-group alignfull has-secondary-color has-background-background-color has-text-color has-background is-layout-flow wp-block-group-is-layout-flow\">\n<div style=\"height:24px\" aria-hidden=\"true\" class=\"wp-block-spacer\"><\/div>\n<\/div>\n\n\n<div class=\"wp-block-jetpack-contact-form is-layout-flex wp-container-jetpack-contact-form-is-layout-2b4208ba wp-block-jetpack-contact-form-is-layout-flex\"><a href=\"https:\/\/teachingisfun.net\/de\/kontakt-2\/\" target=\"_blank\" rel=\"noopener noreferrer\">Formular einreichen.<\/a><\/div>","protected":false},"excerpt":{"rendered":"<p>Let&#8217;s get in touch If you&#8217;d like to have a free 20 min call with me or you&#8217;d like to become my client straight away or maybe you&#8217;ve got some ideas about collaboration, let&#8217;s talk! I&#8217;ll answer your message as soon as I can. You can always contact me via my email, social media accounts, [&hellip;]<\/p>\n","protected":false},"author":5480958,"featured_media":0,"parent":0,"menu_order":0,"comment_status":"closed","ping_status":"closed","template":"","meta":{"footnotes":""},"class_list":["post-128","page","type-page","status-publish","hentry"],"yoast_head":"<!-- This site is optimized with the Yoast SEO Premium plugin v24.7 (Yoast SEO v27.4) - https:\/\/yoast.com\/product\/yoast-seo-premium-wordpress\/ -->\n<title>Contact - #teachingisfun<\/title>\n<meta name=\"robots\" content=\"index, follow, max-snippet:-1, max-image-preview:large, max-video-preview:-1\" \/>\n<link rel=\"canonical\" href=\"https:\/\/teachingisfun.net\/de\/kontakt-2\/\" \/>\n<meta property=\"og:locale\" content=\"de_DE\" \/>\n<meta property=\"og:type\" content=\"article\" \/>\n<meta property=\"og:title\" content=\"Contact\" \/>\n<meta property=\"og:description\" content=\"Let&#8217;s get in touch If you&#8217;d like to have a free 20 min call with me or you&#8217;d like to become my client straight away or maybe you&#8217;ve got some ideas about collaboration, let&#8217;s talk! I&#8217;ll answer your message as soon as I can. You can always contact me via my email, social media accounts, [&hellip;]\" \/>\n<meta property=\"og:url\" content=\"https:\/\/teachingisfun.net\/de\/kontakt-2\/\" \/>\n<meta property=\"og:site_name\" content=\"#teachingisfun\" \/>\n<meta property=\"article:publisher\" content=\"https:\/\/www.facebook.com\/tetyana.skrypkina\/\" \/>\n<meta property=\"article:modified_time\" content=\"2023-09-03T09:32:05+00:00\" \/>\n<meta property=\"og:image\" content=\"https:\/\/teachingisfun.net\/wp-content\/uploads\/2022\/08\/home-page-1.jpg?w=1024\" \/>\n<meta name=\"twitter:card\" content=\"summary_large_image\" \/>\n<meta name=\"twitter:label1\" content=\"Gesch\u00e4tzte Lesezeit\" \/>\n\t<meta name=\"twitter:data1\" content=\"1\u00a0Minute\" \/>\n<script type=\"application\/ld+json\" class=\"yoast-schema-graph\">{\"@context\":\"https:\\\/\\\/schema.org\",\"@graph\":[{\"@type\":\"WebPage\",\"@id\":\"https:\\\/\\\/teachingisfun.net\\\/contact\\\/\",\"url\":\"https:\\\/\\\/teachingisfun.net\\\/contact\\\/\",\"name\":\"Contact - #teachingisfun\",\"isPartOf\":{\"@id\":\"https:\\\/\\\/teachingisfun.net\\\/#website\"},\"primaryImageOfPage\":{\"@id\":\"https:\\\/\\\/teachingisfun.net\\\/contact\\\/#primaryimage\"},\"image\":{\"@id\":\"https:\\\/\\\/teachingisfun.net\\\/contact\\\/#primaryimage\"},\"thumbnailUrl\":\"https:\\\/\\\/teachingisfun.net\\\/wp-content\\\/uploads\\\/2022\\\/08\\\/home-page-1.jpg?w=1024\",\"datePublished\":\"2021-11-21T10:00:24+00:00\",\"dateModified\":\"2023-09-03T09:32:05+00:00\",\"breadcrumb\":{\"@id\":\"https:\\\/\\\/teachingisfun.net\\\/contact\\\/#breadcrumb\"},\"inLanguage\":\"de\",\"potentialAction\":[{\"@type\":\"ReadAction\",\"target\":[\"https:\\\/\\\/teachingisfun.net\\\/contact\\\/\"]}]},{\"@type\":\"ImageObject\",\"inLanguage\":\"de\",\"@id\":\"https:\\\/\\\/teachingisfun.net\\\/contact\\\/#primaryimage\",\"url\":\"https:\\\/\\\/teachingisfun.net\\\/wp-content\\\/uploads\\\/2022\\\/08\\\/home-page-1.jpg?w=1024\",\"contentUrl\":\"https:\\\/\\\/teachingisfun.net\\\/wp-content\\\/uploads\\\/2022\\\/08\\\/home-page-1.jpg?w=1024\"},{\"@type\":\"BreadcrumbList\",\"@id\":\"https:\\\/\\\/teachingisfun.net\\\/contact\\\/#breadcrumb\",\"itemListElement\":[{\"@type\":\"ListItem\",\"position\":1,\"name\":\"Home\",\"item\":\"https:\\\/\\\/teachingisfun.net\\\/\"},{\"@type\":\"ListItem\",\"position\":2,\"name\":\"Contact\"}]},{\"@type\":\"WebSite\",\"@id\":\"https:\\\/\\\/teachingisfun.net\\\/#website\",\"url\":\"https:\\\/\\\/teachingisfun.net\\\/\",\"name\":\"#teachingisfun\",\"description\":\"professional development for foreign language teachers\",\"publisher\":{\"@id\":\"https:\\\/\\\/teachingisfun.net\\\/#\\\/schema\\\/person\\\/9fcd69ee28a262b22f289f7746018e98\"},\"potentialAction\":[{\"@type\":\"SearchAction\",\"target\":{\"@type\":\"EntryPoint\",\"urlTemplate\":\"https:\\\/\\\/teachingisfun.net\\\/?s={search_term_string}\"},\"query-input\":{\"@type\":\"PropertyValueSpecification\",\"valueRequired\":true,\"valueName\":\"search_term_string\"}}],\"inLanguage\":\"de\"},{\"@type\":[\"Person\",\"Organization\"],\"@id\":\"https:\\\/\\\/teachingisfun.net\\\/#\\\/schema\\\/person\\\/9fcd69ee28a262b22f289f7746018e98\",\"name\":\"Tetyana Skrypkina\",\"image\":{\"@type\":\"ImageObject\",\"inLanguage\":\"de\",\"@id\":\"https:\\\/\\\/i0.wp.com\\\/teachingisfun.net\\\/wp-content\\\/uploads\\\/2022\\\/11\\\/untitled-design-3.jpg?fit=940%2C788&ssl=1\",\"url\":\"https:\\\/\\\/i0.wp.com\\\/teachingisfun.net\\\/wp-content\\\/uploads\\\/2022\\\/11\\\/untitled-design-3.jpg?fit=940%2C788&ssl=1\",\"contentUrl\":\"https:\\\/\\\/i0.wp.com\\\/teachingisfun.net\\\/wp-content\\\/uploads\\\/2022\\\/11\\\/untitled-design-3.jpg?fit=940%2C788&ssl=1\",\"width\":940,\"height\":788,\"caption\":\"Tetyana Skrypkina\"},\"logo\":{\"@id\":\"https:\\\/\\\/i0.wp.com\\\/teachingisfun.net\\\/wp-content\\\/uploads\\\/2022\\\/11\\\/untitled-design-3.jpg?fit=940%2C788&ssl=1\"},\"description\":\"I'm a self-employed teacher trainer, a teacher of foreign languages, a blogging expert, and a neuromarketing consultant.\",\"sameAs\":[\"https:\\\/\\\/www.facebook.com\\\/tetyana.skrypkina\\\/\",\"https:\\\/\\\/www.instagram.com\\\/teachingisfun_tetyana\\\/\",\"https:\\\/\\\/www.linkedin.com\\\/in\\\/tetyana-skrypkina-45621121\\\/\"],\"honorificPrefix\":\"Mrs\",\"knowsLanguage\":[\"Ukrainian\",\"English\",\"Spanish\",\"German\"],\"jobTitle\":\"teacher trainer\",\"publishingPrinciples\":\"https:\\\/\\\/teachingisfun.net\\\/home\\\/\",\"ownershipFundingInfo\":\"https:\\\/\\\/teachingisfun.net\\\/about\\\/\",\"actionableFeedbackPolicy\":\"https:\\\/\\\/teachingisfun.net\\\/services\\\/blogging\\\/\",\"correctionsPolicy\":\"https:\\\/\\\/teachingisfun.net\\\/\"}]}<\/script>\n<!-- \/ Yoast SEO Premium plugin. -->","yoast_head_json":{"title":"Contact - #teachingisfun","robots":{"index":"index","follow":"follow","max-snippet":"max-snippet:-1","max-image-preview":"max-image-preview:large","max-video-preview":"max-video-preview:-1"},"canonical":"https:\/\/teachingisfun.net\/de\/kontakt-2\/","og_locale":"de_DE","og_type":"article","og_title":"Contact","og_description":"Let&#8217;s get in touch If you&#8217;d like to have a free 20 min call with me or you&#8217;d like to become my client straight away or maybe you&#8217;ve got some ideas about collaboration, let&#8217;s talk! I&#8217;ll answer your message as soon as I can. You can always contact me via my email, social media accounts, [&hellip;]","og_url":"https:\/\/teachingisfun.net\/de\/kontakt-2\/","og_site_name":"#teachingisfun","article_publisher":"https:\/\/www.facebook.com\/tetyana.skrypkina\/","article_modified_time":"2023-09-03T09:32:05+00:00","og_image":[{"url":"https:\/\/teachingisfun.net\/wp-content\/uploads\/2022\/08\/home-page-1.jpg?w=1024","type":"","width":"","height":""}],"twitter_card":"summary_large_image","twitter_misc":{"Gesch\u00e4tzte Lesezeit":"1\u00a0Minute"},"schema":{"@context":"https:\/\/schema.org","@graph":[{"@type":"WebPage","@id":"https:\/\/teachingisfun.net\/contact\/","url":"https:\/\/teachingisfun.net\/contact\/","name":"Contact - #teachingisfun","isPartOf":{"@id":"https:\/\/teachingisfun.net\/#website"},"primaryImageOfPage":{"@id":"https:\/\/teachingisfun.net\/contact\/#primaryimage"},"image":{"@id":"https:\/\/teachingisfun.net\/contact\/#primaryimage"},"thumbnailUrl":"https:\/\/teachingisfun.net\/wp-content\/uploads\/2022\/08\/home-page-1.jpg?w=1024","datePublished":"2021-11-21T10:00:24+00:00","dateModified":"2023-09-03T09:32:05+00:00","breadcrumb":{"@id":"https:\/\/teachingisfun.net\/contact\/#breadcrumb"},"inLanguage":"de","potentialAction":[{"@type":"ReadAction","target":["https:\/\/teachingisfun.net\/contact\/"]}]},{"@type":"ImageObject","inLanguage":"de","@id":"https:\/\/teachingisfun.net\/contact\/#primaryimage","url":"https:\/\/teachingisfun.net\/wp-content\/uploads\/2022\/08\/home-page-1.jpg?w=1024","contentUrl":"https:\/\/teachingisfun.net\/wp-content\/uploads\/2022\/08\/home-page-1.jpg?w=1024"},{"@type":"BreadcrumbList","@id":"https:\/\/teachingisfun.net\/contact\/#breadcrumb","itemListElement":[{"@type":"ListItem","position":1,"name":"Home","item":"https:\/\/teachingisfun.net\/"},{"@type":"ListItem","position":2,"name":"Contact"}]},{"@type":"WebSite","@id":"https:\/\/teachingisfun.net\/#website","url":"https:\/\/teachingisfun.net\/","name":"#teachingisfun","description":"lernen, unterrichten und Spa\u00df haben","publisher":{"@id":"https:\/\/teachingisfun.net\/#\/schema\/person\/9fcd69ee28a262b22f289f7746018e98"},"potentialAction":[{"@type":"SearchAction","target":{"@type":"EntryPoint","urlTemplate":"https:\/\/teachingisfun.net\/?s={search_term_string}"},"query-input":{"@type":"PropertyValueSpecification","valueRequired":true,"valueName":"search_term_string"}}],"inLanguage":"de"},{"@type":["Person","Organization"],"@id":"https:\/\/teachingisfun.net\/#\/schema\/person\/9fcd69ee28a262b22f289f7746018e98","name":"Tetyana Skrypkina","image":{"@type":"ImageObject","inLanguage":"de","@id":"https:\/\/i0.wp.com\/teachingisfun.net\/wp-content\/uploads\/2022\/11\/untitled-design-3.jpg?fit=940%2C788&ssl=1","url":"https:\/\/i0.wp.com\/teachingisfun.net\/wp-content\/uploads\/2022\/11\/untitled-design-3.jpg?fit=940%2C788&ssl=1","contentUrl":"https:\/\/i0.wp.com\/teachingisfun.net\/wp-content\/uploads\/2022\/11\/untitled-design-3.jpg?fit=940%2C788&ssl=1","width":940,"height":788,"caption":"Tetyana Skrypkina"},"logo":{"@id":"https:\/\/i0.wp.com\/teachingisfun.net\/wp-content\/uploads\/2022\/11\/untitled-design-3.jpg?fit=940%2C788&ssl=1"},"description":"Ich bin selbstst\u00e4ndige Lehrerausbilderin, Fremdsprachenlehrerin, Blogging-Expertin und Neuromarketing-Beraterin.","sameAs":["https:\/\/www.facebook.com\/tetyana.skrypkina\/","https:\/\/www.instagram.com\/teachingisfun_tetyana\/","https:\/\/www.linkedin.com\/in\/tetyana-skrypkina-45621121\/"],"honorificPrefix":"Mrs","knowsLanguage":["Ukrainian","English","Spanish","German"],"jobTitle":"teacher trainer","publishingPrinciples":"https:\/\/teachingisfun.net\/home\/","ownershipFundingInfo":"https:\/\/teachingisfun.net\/about\/","actionableFeedbackPolicy":"https:\/\/teachingisfun.net\/services\/blogging\/","correctionsPolicy":"https:\/\/teachingisfun.net\/"}]}},"jetpack_likes_enabled":true,"jetpack_sharing_enabled":true,"jetpack_shortlink":"https:\/\/wp.me\/PdxnBh-24","jetpack-related-posts":[{"id":7002,"url":"https:\/\/teachingisfun.net\/de\/privacy-policy\/","url_meta":{"origin":128,"position":0},"title":"Datenschutzrichtlinie","author":"Tetyana Skrypkina","date":"M\u00e4rz 3, 2024","format":false,"excerpt":"Last updated: March 03, 2024 This Privacy Policy describes Our policies and procedures on the collection, use and disclosure of Your information when You use the Service and tells You about Your privacy rights and how the law protects You. We use Your Personal data to provide and improve the\u2026","rel":"","context":"\u00c4hnlicher Beitrag","block_context":{"text":"\u00c4hnlicher Beitrag","link":""},"img":{"alt_text":"","src":"","width":0,"height":0},"classes":[]},{"id":1049,"url":"https:\/\/teachingisfun.net\/de\/ueber-mich\/","url_meta":{"origin":128,"position":1},"title":"\u00dcber mich","author":"Tetyana Skrypkina","date":"Juli 3, 2022","format":false,"excerpt":"Hi, Tetyana here! I'm the creator of #teachingisfun, a foreign language teacher, certified teacher trainer, and a speech therapist, and I am a proud Ukrainian. I also help teachers master teaching methods, create a website, blog more efficiently, write SEO-friendly texts, and learn how neuromarketing can help you with your\u2026","rel":"","context":"\u00c4hnlicher Beitrag","block_context":{"text":"\u00c4hnlicher Beitrag","link":""},"img":{"alt_text":"","src":"https:\/\/i0.wp.com\/teachingisfun.net\/wp-content\/uploads\/2022\/08\/6.jpg?resize=350%2C200&ssl=1","width":350,"height":200,"srcset":"https:\/\/i0.wp.com\/teachingisfun.net\/wp-content\/uploads\/2022\/08\/6.jpg?resize=350%2C200&ssl=1 1x, https:\/\/i0.wp.com\/teachingisfun.net\/wp-content\/uploads\/2022\/08\/6.jpg?resize=525%2C300&ssl=1 1.5x, https:\/\/i0.wp.com\/teachingisfun.net\/wp-content\/uploads\/2022\/08\/6.jpg?resize=700%2C400&ssl=1 2x, https:\/\/i0.wp.com\/teachingisfun.net\/wp-content\/uploads\/2022\/08\/6.jpg?resize=1050%2C600&ssl=1 3x, https:\/\/i0.wp.com\/teachingisfun.net\/wp-content\/uploads\/2022\/08\/6.jpg?resize=1400%2C800&ssl=1 4x"},"classes":[]},{"id":7034,"url":"https:\/\/teachingisfun.net\/de\/haftungsausschluss-fuer-teachingisfun-2\/","url_meta":{"origin":128,"position":2},"title":"Disclaimer for teachingisfun","author":"Tetyana Skrypkina","date":"M\u00e4rz 7, 2024","format":false,"excerpt":"If you require any more information or have any questions about our site's disclaimer, please feel free to contact us by email at\u00a0teachingisfun.ua@gmail.com. Our Disclaimer was generated with the help of the\u00a0Free Disclaimer Generator. Disclaimers for #teachingisfun All the information on this website - https:\/\/teachingisfun.net\/ - is published in good\u2026","rel":"","context":"\u00c4hnlicher Beitrag","block_context":{"text":"\u00c4hnlicher Beitrag","link":""},"img":{"alt_text":"","src":"","width":0,"height":0},"classes":[]},{"id":2812,"url":"https:\/\/teachingisfun.net\/de\/services\/teacher-training\/","url_meta":{"origin":128,"position":3},"title":"Lehrertraining","author":"Tetyana Skrypkina","date":"M\u00e4rz 30, 2023","format":false,"excerpt":"I do believe that teaching is fun and possible. It can be fun to compose schedules and create beautiful handouts for your lessons! As a certified teacher trainer, I can help you with: boosting your teaching approaches and techniques; preparing for TKT (modules 1, 2, 3, CLIL); preparing for CELTA;\u2026","rel":"","context":"\u00c4hnlicher Beitrag","block_context":{"text":"\u00c4hnlicher Beitrag","link":""},"img":{"alt_text":"","src":"https:\/\/i0.wp.com\/teachingisfun.net\/wp-content\/uploads\/2023\/02\/blog-1920-%C3%97-1080-px-4.jpg?resize=350%2C200&ssl=1","width":350,"height":200,"srcset":"https:\/\/i0.wp.com\/teachingisfun.net\/wp-content\/uploads\/2023\/02\/blog-1920-%C3%97-1080-px-4.jpg?resize=350%2C200&ssl=1 1x, https:\/\/i0.wp.com\/teachingisfun.net\/wp-content\/uploads\/2023\/02\/blog-1920-%C3%97-1080-px-4.jpg?resize=525%2C300&ssl=1 1.5x, https:\/\/i0.wp.com\/teachingisfun.net\/wp-content\/uploads\/2023\/02\/blog-1920-%C3%97-1080-px-4.jpg?resize=700%2C400&ssl=1 2x, https:\/\/i0.wp.com\/teachingisfun.net\/wp-content\/uploads\/2023\/02\/blog-1920-%C3%97-1080-px-4.jpg?resize=1050%2C600&ssl=1 3x, https:\/\/i0.wp.com\/teachingisfun.net\/wp-content\/uploads\/2023\/02\/blog-1920-%C3%97-1080-px-4.jpg?resize=1400%2C800&ssl=1 4x"},"classes":[]},{"id":2983,"url":"https:\/\/teachingisfun.net\/de\/services\/neuromarketing\/","url_meta":{"origin":128,"position":4},"title":"Neuromarketing","author":"Tetyana Skrypkina","date":"M\u00e4rz 30, 2023","format":false,"excerpt":"Neuromarketing is the application of neuroscience and cognitive science to marketing. Many neuroscientific studies are used in neuromarketing. I believe that there is hype with the word \"neuro.\" Many people use it for better marketing. Yet, the question is ... Is neuroscience involved in consultations with those professionals, and if\u2026","rel":"","context":"\u00c4hnlicher Beitrag","block_context":{"text":"\u00c4hnlicher Beitrag","link":""},"img":{"alt_text":"","src":"https:\/\/i0.wp.com\/teachingisfun.net\/wp-content\/uploads\/2023\/03\/services-page-600-%C3%97-900-px-748-%C3%97-500-px-2000-%C3%97-1333-px-3-1.png?resize=350%2C200&ssl=1","width":350,"height":200,"srcset":"https:\/\/i0.wp.com\/teachingisfun.net\/wp-content\/uploads\/2023\/03\/services-page-600-%C3%97-900-px-748-%C3%97-500-px-2000-%C3%97-1333-px-3-1.png?resize=350%2C200&ssl=1 1x, https:\/\/i0.wp.com\/teachingisfun.net\/wp-content\/uploads\/2023\/03\/services-page-600-%C3%97-900-px-748-%C3%97-500-px-2000-%C3%97-1333-px-3-1.png?resize=525%2C300&ssl=1 1.5x, https:\/\/i0.wp.com\/teachingisfun.net\/wp-content\/uploads\/2023\/03\/services-page-600-%C3%97-900-px-748-%C3%97-500-px-2000-%C3%97-1333-px-3-1.png?resize=700%2C400&ssl=1 2x, https:\/\/i0.wp.com\/teachingisfun.net\/wp-content\/uploads\/2023\/03\/services-page-600-%C3%97-900-px-748-%C3%97-500-px-2000-%C3%97-1333-px-3-1.png?resize=1050%2C600&ssl=1 3x, https:\/\/i0.wp.com\/teachingisfun.net\/wp-content\/uploads\/2023\/03\/services-page-600-%C3%97-900-px-748-%C3%97-500-px-2000-%C3%97-1333-px-3-1.png?resize=1400%2C800&ssl=1 4x"},"classes":[]},{"id":3003,"url":"https:\/\/teachingisfun.net\/de\/services\/blogging\/","url_meta":{"origin":128,"position":5},"title":"Bloggen","author":"Tetyana Skrypkina","date":"M\u00e4rz 30, 2023","format":false,"excerpt":"Having a blog is essential for your business: Everyone is online. Your social media accounts do not belong to you, and you have no control over them. When people google something, they will not find your posts. However, they will find your blog posts. Having a blog will allow you\u2026","rel":"","context":"\u00c4hnlicher Beitrag","block_context":{"text":"\u00c4hnlicher Beitrag","link":""},"img":{"alt_text":"","src":"https:\/\/i0.wp.com\/teachingisfun.net\/wp-content\/uploads\/2023\/03\/services-page-600-%C3%97-900-px-748-%C3%97-500-px-2000-%C3%97-1333-px-4-1.png?resize=350%2C200&ssl=1","width":350,"height":200,"srcset":"https:\/\/i0.wp.com\/teachingisfun.net\/wp-content\/uploads\/2023\/03\/services-page-600-%C3%97-900-px-748-%C3%97-500-px-2000-%C3%97-1333-px-4-1.png?resize=350%2C200&ssl=1 1x, https:\/\/i0.wp.com\/teachingisfun.net\/wp-content\/uploads\/2023\/03\/services-page-600-%C3%97-900-px-748-%C3%97-500-px-2000-%C3%97-1333-px-4-1.png?resize=525%2C300&ssl=1 1.5x, https:\/\/i0.wp.com\/teachingisfun.net\/wp-content\/uploads\/2023\/03\/services-page-600-%C3%97-900-px-748-%C3%97-500-px-2000-%C3%97-1333-px-4-1.png?resize=700%2C400&ssl=1 2x, https:\/\/i0.wp.com\/teachingisfun.net\/wp-content\/uploads\/2023\/03\/services-page-600-%C3%97-900-px-748-%C3%97-500-px-2000-%C3%97-1333-px-4-1.png?resize=1050%2C600&ssl=1 3x, https:\/\/i0.wp.com\/teachingisfun.net\/wp-content\/uploads\/2023\/03\/services-page-600-%C3%97-900-px-748-%C3%97-500-px-2000-%C3%97-1333-px-4-1.png?resize=1400%2C800&ssl=1 4x"},"classes":[]}],"_links":{"self":[{"href":"https:\/\/teachingisfun.net\/de\/wp-json\/wp\/v2\/pages\/128","targetHints":{"allow":["GET"]}}],"collection":[{"href":"https:\/\/teachingisfun.net\/de\/wp-json\/wp\/v2\/pages"}],"about":[{"href":"https:\/\/teachingisfun.net\/de\/wp-json\/wp\/v2\/types\/page"}],"author":[{"embeddable":true,"href":"https:\/\/teachingisfun.net\/de\/wp-json\/wp\/v2\/users\/5480958"}],"replies":[{"embeddable":true,"href":"https:\/\/teachingisfun.net\/de\/wp-json\/wp\/v2\/comments?post=128"}],"version-history":[{"count":0,"href":"https:\/\/teachingisfun.net\/de\/wp-json\/wp\/v2\/pages\/128\/revisions"}],"wp:attachment":[{"href":"https:\/\/teachingisfun.net\/de\/wp-json\/wp\/v2\/media?parent=128"}],"curies":[{"name":"wp","href":"https:\/\/api.w.org\/{rel}","templated":true}]}}